{"id":91,"date":"2018-09-05T12:35:21","date_gmt":"2018-09-05T10:35:21","guid":{"rendered":"https:\/\/www.xn--knig-5qa.cc\/?page_id=91"},"modified":"2025-10-25T15:28:19","modified_gmt":"2025-10-25T13:28:19","slug":"impressum","status":"publish","type":"page","link":"https:\/\/www.xn--knig-5qa.cc\/?page_id=91","title":{"rendered":"Impressum"},"content":{"rendered":"<div id=\"c27\" class=\"csc-default\">\n<div>\n<p class=\"bodytext\"><b>Multimedia-Agentur David K\u00f6nig<br \/>\n<\/b>David K\u00f6nig<br \/>\nHans-Buchholzer-Stra\u00dfe 25\/2<br \/>\n4400 Steyr, \u00d6sterreich<\/p>\n<p>Telefon: 0664 73105136<br \/>\nE-Mail: <a href=\"mailto:david.koenig@gmx.at\">david.koenig@gmx.at<\/a><\/p>\n<p class=\"bodytext\"><b>Firmenname<\/b><br \/>\nDavid K\u00f6nig<\/p>\n<p><b>Gr\u00fcndungsjahr<\/b><br \/>\n2018<\/p>\n<p><b>Rechtsform<\/b><br \/>\nKleinunternehmen<\/p>\n<p class=\"bodytext\">Umsatzsteuerbefreit \u2013 Kleinunternehmer gem. \u00a7 6 Abs. 1 Z 27 UStG<\/p>\n<p><b>GLN (der \u00f6ffentlichen Verwaltung)<br \/>\n<\/b>9110019362127<\/p>\n<p><b>GISA-Zahl<br \/>\n<\/b>30440791<b><br \/>\n<\/b><\/p>\n<p><b>UID-Nummer<br \/>\n&#8211;<br \/>\n<\/b><\/p>\n<p><b>Sonstige Informationen nach \u00a714 UGB<\/b><br \/>\nKeine<\/p>\n<p><b>Beh\u00f6rde gem. ECG (E-Commerce Gesetz)<\/b><br \/>\nBezirkshauptmannschaft Steyr (Stadt)<\/p>\n<p><b>Anwendbare Rechtsvorschriften<\/b><br \/>\n<a href=\"http:\/\/www.ris2.bka.gv.at\" target=\"_blank\" rel=\"noopener noreferrer\">www.ris2.bka.gv.at<\/a><\/p>\n<p><b>Weitere Aufsichtsbeh\u00f6rde (gem. ECG)<\/b><br \/>\nBezirkshauptmannschaft Steyr (Stadt)<\/p>\n<p><b>Medieninhaber<\/b><br \/>\nDavid K\u00f6nig<\/p>\n<p><b>Firmensitz (Ort der Hauptniederlassung)<\/b><br \/>\nHans-Buchholzer-Stra\u00dfe 25\/2, 4400 Steyr<\/p>\n<p><b>Unternehmensgegenstand<\/b><br \/>\nMultimedia-Agentur<\/p>\n<p><b>Mitglied der Wirtschaftskammer Ober\u00f6sterreich<\/b><br \/>\nFachgruppe \/ Berufszweig<br \/>\nMultimedia-Agentur<br \/>\n\u00d6NACE: 73.11-1<\/p>\n<\/div>\n<\/div>\n<div id=\"c47\" class=\"csc-default\">\n<div class=\"csc-textpic csc-textpic-center csc-textpic-above\">\n<div class=\"csc-textpic-imagewrap\">\n<div class=\"csc-textpic-center-outer\">\n<div class=\"csc-textpic-center-inner\">\n<div class=\"csc-textpic-image csc-textpic-last\"><a href=\"https:\/\/firmen.wko.at\/Web\/DetailsKontakt.aspx?FirmaID=4dea9b87-2cc4-487a-844f-b5241382f2fb&amp;StandortID=0&amp;Suchbegriff=David+K%c3%b6nig&amp;Page=1\"><img loading=\"lazy\" decoding=\"async\" class=\"alignleft wp-image-294 size-medium\" src=\"https:\/\/www.xn--knig-5qa.cc\/wp-content\/uploads\/2020\/03\/logo-wko-300x71.png\" alt=\"\" width=\"300\" height=\"71\" data-wp-editing=\"1\" srcset=\"https:\/\/www.xn--knig-5qa.cc\/wp-content\/uploads\/2020\/03\/logo-wko-300x71.png 300w, https:\/\/www.xn--knig-5qa.cc\/wp-content\/uploads\/2020\/03\/logo-wko.png 480w\" sizes=\"auto, (max-width: 300px) 100vw, 300px\" \/><\/a><\/div>\n<\/div>\n<\/div>\n<\/div>\n<\/div>\n<\/div>\n","protected":false},"excerpt":{"rendered":"<p>Multimedia-Agentur David K\u00f6nig David K\u00f6nig Hans-Buchholzer-Stra\u00dfe 25\/2 4400 Steyr, \u00d6sterreich Telefon: 0664 73105136 E-Mail: david.koenig@gmx.at Firmenname David K\u00f6nig Gr\u00fcndungsjahr 2018 Rechtsform Kleinunternehmen Umsatzsteuerbefreit \u2013 Kleinunternehmer gem. \u00a7 6 Abs. 1 Z 27 UStG GLN (der<a class=\"read-more\" href=\"https:\/\/www.xn--knig-5qa.cc\/?page_id=91\">Continue reading<\/a><\/p>\n","protected":false},"author":1,"featured_media":0,"parent":0,"menu_order":4,"comment_status":"closed","ping_status":"closed","template":"","meta":{"footnotes":""},"class_list":["post-91","page","type-page","status-publish","hentry"],"_links":{"self":[{"href":"https:\/\/www.xn--knig-5qa.cc\/index.php?rest_route=\/wp\/v2\/pages\/91","targetHints":{"allow":["GET"]}}],"collection":[{"href":"https:\/\/www.xn--knig-5qa.cc\/index.php?rest_route=\/wp\/v2\/pages"}],"about":[{"href":"https:\/\/www.xn--knig-5qa.cc\/index.php?rest_route=\/wp\/v2\/types\/page"}],"author":[{"embeddable":true,"href":"https:\/\/www.xn--knig-5qa.cc\/index.php?rest_route=\/wp\/v2\/users\/1"}],"replies":[{"embeddable":true,"href":"https:\/\/www.xn--knig-5qa.cc\/index.php?rest_route=%2Fwp%2Fv2%2Fcomments&post=91"}],"version-history":[{"count":11,"href":"https:\/\/www.xn--knig-5qa.cc\/index.php?rest_route=\/wp\/v2\/pages\/91\/revisions"}],"predecessor-version":[{"id":840,"href":"https:\/\/www.xn--knig-5qa.cc\/index.php?rest_route=\/wp\/v2\/pages\/91\/revisions\/840"}],"wp:attachment":[{"href":"https:\/\/www.xn--knig-5qa.cc\/index.php?rest_route=%2Fwp%2Fv2%2Fmedia&parent=91"}],"curies":[{"name":"wp","href":"https:\/\/api.w.org\/{rel}","templated":true}]}}